{"id":31,"date":"2025-02-05T11:01:17","date_gmt":"2025-02-05T11:01:17","guid":{"rendered":"https:\/\/solvitsl.com\/tienda\/?page_id=31"},"modified":"2025-02-07T09:47:37","modified_gmt":"2025-02-07T09:47:37","slug":"servicios","status":"publish","type":"page","link":"https:\/\/solvitsl.com\/tienda\/servicios\/","title":{"rendered":"Servicios"},"content":{"rendered":"<div class=\"wp-block-uagb-container uagb-block-4ff1178c alignfull uagb-is-root-container\"><div class=\"uagb-container-inner-blocks-wrap\"><div class=\"wp-block-uagb-advanced-heading uagb-block-cd6d7bc4\"><h1 class=\"uagb-heading-text\">Servicios El\u00e9ctricos<\/h1><\/div><\/div><\/div><div class=\"wp-block-uagb-container uagb-block-fd4a3053 alignfull uagb-is-root-container\"><div class=\"uagb-container-inner-blocks-wrap\"><div class=\"wp-block-uagb-advanced-heading uagb-block-1d54974c\"><h2 class=\"uagb-heading-text\">Nuestros Servicios<\/h2><\/div>\n\n<div class=\"wp-block-uagb-container uagb-layout-grid uagb-block-6dfd2085\"><div class=\"wp-block-uagb-container uagb-block-688f5efc\"><div class=\"wp-block-uagb-image alignleft uagb-block-86653dc4 wp-block-uagb-image--layout-default wp-block-uagb-image--effect-static wp-block-uagb-image--align-left\"><figure class=\"wp-block-uagb-image__figure\"><img decoding=\"async\" srcset=\"https:\/\/solvitsl.com\/tienda\/wp-content\/uploads\/2025\/02\/low-angle-photograph-of-black-metal-tower-satellite-during-daytime-159279.jpeg ,https:\/\/solvitsl.com\/tienda\/wp-content\/uploads\/2025\/02\/low-angle-photograph-of-black-metal-tower-satellite-during-daytime-159279.jpeg 780w\" sizes=\"auto, (max-width: 480px) 150px\" src=\"https:\/\/solvitsl.com\/tienda\/wp-content\/uploads\/2025\/02\/low-angle-photograph-of-black-metal-tower-satellite-during-daytime-159279.jpeg\" alt=\"\" class=\"uag-image-1598\" width=\"565\" height=\"350\" title=\"\" loading=\"lazy\" role=\"img\"\/><\/figure><\/div>\n\n<div class=\"wp-block-uagb-advanced-heading uagb-block-a9628216\"><h3 class=\"uagb-heading-text\">Instalaciones<\/h3><p class=\"uagb-desc-text\">Ofrecemos servicios de instalaci\u00f3n de infraestructuras el\u00e9ctricas de alta tensi\u00f3n que garantizan un funcionamiento seguro y eficiente. Nuestro equipo est\u00e1 compuesto por expertos certificados que utilizan tecnolog\u00eda avanzada para cumplir con el reglamento electrot\u00e9cnico de alta tensi\u00f3n REAT. Nos aseguramos de que cada proyecto est\u00e9 alineado con las especificaciones requeridas por nuestros clientes.<\/p><\/div><\/div>\n\n<div class=\"wp-block-uagb-container uagb-block-bcecf630\"><div class=\"wp-block-uagb-image alignleft uagb-block-2fdd2037 wp-block-uagb-image--layout-default wp-block-uagb-image--effect-static wp-block-uagb-image--align-left\"><figure class=\"wp-block-uagb-image__figure\"><img decoding=\"async\" srcset=\"https:\/\/solvitsl.com\/tienda\/wp-content\/uploads\/2025\/02\/low-angle-view-of-posts-under-blue-calm-sky-918986.jpeg ,https:\/\/solvitsl.com\/tienda\/wp-content\/uploads\/2025\/02\/low-angle-view-of-posts-under-blue-calm-sky-918986.jpeg 780w, https:\/\/solvitsl.com\/tienda\/wp-content\/uploads\/2025\/02\/low-angle-view-of-posts-under-blue-calm-sky-918986.jpeg 360w\" sizes=\"auto, (max-width: 480px) 150px\" src=\"https:\/\/solvitsl.com\/tienda\/wp-content\/uploads\/2025\/02\/low-angle-view-of-posts-under-blue-calm-sky-918986.jpeg\" alt=\"\" class=\"uag-image-1595\" width=\"565\" height=\"350\" title=\"\" loading=\"lazy\" role=\"img\"\/><\/figure><\/div>\n\n<div class=\"wp-block-uagb-advanced-heading uagb-block-3a66f6da\"><h3 class=\"uagb-heading-text\">Mantenimiento<\/h3><p class=\"uagb-desc-text\">Nuestro servicio de mantenimiento se centra en la preservaci\u00f3n de sistemas el\u00e9ctricos en diversas industrias. Realizamos revisiones peri\u00f3dicas y mantenimientos correctivos para garantizar que sus instalaciones funcionen sin interrupciones. Nuestro objetivo es aumentar la vida \u00fatil de su infraestructura el\u00e9ctrica, minimizando riesgos y reduciendo costos a largo plazo.<\/p><\/div><\/div>\n\n<div class=\"wp-block-uagb-container uagb-block-9ece309e\"><div class=\"wp-block-uagb-image alignleft uagb-block-4271067e wp-block-uagb-image--layout-default wp-block-uagb-image--effect-static wp-block-uagb-image--align-left\"><figure class=\"wp-block-uagb-image__figure\"><img decoding=\"async\" srcset=\"https:\/\/solvitsl.com\/tienda\/wp-content\/uploads\/2025\/02\/three-black-metal-electricity-posts-during-golden-hour-171428.jpeg ,https:\/\/solvitsl.com\/tienda\/wp-content\/uploads\/2025\/02\/three-black-metal-electricity-posts-during-golden-hour-171428.jpeg 780w, https:\/\/solvitsl.com\/tienda\/wp-content\/uploads\/2025\/02\/three-black-metal-electricity-posts-during-golden-hour-171428.jpeg 360w\" sizes=\"auto, (max-width: 480px) 150px\" src=\"https:\/\/solvitsl.com\/tienda\/wp-content\/uploads\/2025\/02\/three-black-metal-electricity-posts-during-golden-hour-171428.jpeg\" alt=\"\" class=\"uag-image-1593\" width=\"565\" height=\"350\" title=\"\" loading=\"lazy\" role=\"img\"\/><\/figure><\/div>\n\n<div class=\"wp-block-uagb-advanced-heading uagb-block-4afb6a4c\"><h3 class=\"uagb-heading-text\">Consultor\u00eda<\/h3><p class=\"uagb-desc-text\">Proporcionamos servicios de consultor\u00eda para clientes que buscan optimizar sus instalaciones el\u00e9ctricas. Nuestros expertos analizan sus necesidades espec\u00edficas y desarrollan soluciones personalizadas que cumplen con la normativa actual. Ayudamos a identificar oportunidades de mejora y a implementar cambios que maximicen la eficiencia y la seguridad operacional.<\/p><\/div><\/div>\n\n<div class=\"wp-block-uagb-container uagb-block-14bfbaa4\"><div class=\"wp-block-uagb-image alignleft uagb-block-dc1134e2 wp-block-uagb-image--layout-default wp-block-uagb-image--effect-static wp-block-uagb-image--align-left\"><figure class=\"wp-block-uagb-image__figure\"><img decoding=\"async\" srcset=\"https:\/\/solvitsl.com\/tienda\/wp-content\/uploads\/2025\/02\/black-metal-current-posts-157827.jpeg \" sizes=\"auto, (max-width: 480px) 150px\" src=\"https:\/\/solvitsl.com\/tienda\/wp-content\/uploads\/2025\/02\/black-metal-current-posts-157827.jpeg\" alt=\"\" class=\"uag-image-1596\" width=\"565\" height=\"350\" title=\"\" loading=\"lazy\" role=\"img\"\/><\/figure><\/div>\n\n<div class=\"wp-block-uagb-advanced-heading uagb-block-f707ce13\"><h3 class=\"uagb-heading-text\">Proyectos<\/h3><p class=\"uagb-desc-text\">Llevamos a cabo proyectos desde su concepci\u00f3n hasta su finalizaci\u00f3n. Nuestro enfoque se basa en la colaboraci\u00f3n estrecha con los clientes para garantizar que se cumplan los plazos y presupuestos establecidos. Cada proyecto es gestionado con un alto nivel de profesionalismo y atenci\u00f3n al detalle, asegurando el \u00e9xito en cada etapa del mismo.<\/p><\/div><\/div><\/div><\/div><\/div><div class=\"wp-block-uagb-container uagb-block-2a9574c8 alignfull uagb-is-root-container\"><div class=\"uagb-container-inner-blocks-wrap\"><div class=\"wp-block-uagb-info-box uagb-block-871f6ba5 uagb-infobox__content-wrap  uagb-infobox-icon-above-title uagb-infobox-image-valign-top\"><div class=\"uagb-ifb-content\"><div class=\"uagb-ifb-title-wrap\"><h2 class=\"uagb-ifb-title\">Cont\u00e1ctanos Hoy Mismo<\/h2><\/div><p class=\"uagb-ifb-desc\">Descubre c\u00f3mo podemos ayudarte en tus proyectos el\u00e9ctricos. \u00a1Esperamos tu mensaje!<\/p><div class=\"uagb-ifb-button-wrapper wp-block-button\"><a href=\"\/contact\/\" class=\"uagb-infobox-cta-link wp-block-button__link\" target=\"_self\" rel=\"noopener noreferrer\" onclick=\"return true;\" alt=\"\"><span class=\"uagb-inline-editing\">Solicitar Presupuesto<\/span><\/a><\/div><\/div><\/div><\/div><\/div>","protected":false},"excerpt":{"rendered":"<p>Servicios El\u00e9ctricos Nuestros Servicios Instalaciones Ofrecemos servicios de instalaci\u00f3n de infraestructuras el\u00e9ctricas de alta tensi\u00f3n que garantizan un funcionamiento seguro [&hellip;]<\/p>\n","protected":false},"author":10,"featured_media":0,"parent":0,"menu_order":0,"comment_status":"closed","ping_status":"closed","template":"","meta":{"_uag_custom_page_level_css":"","site-sidebar-layout":"default","site-content-layout":"","ast-site-content-layout":"default","site-content-style":"default","site-sidebar-style":"default","ast-global-header-display":"","ast-banner-title-visibility":"","ast-main-header-display":"","ast-hfb-above-header-display":"","ast-hfb-below-header-display":"","ast-hfb-mobile-header-display":"","site-post-title":"disabled","ast-breadcrumbs-content":"","ast-featured-img":"","footer-sml-layout":"","ast-disable-related-posts":"","theme-transparent-header-meta":"","adv-header-id-meta":"","stick-header-meta":"","header-above-stick-meta":"","header-main-stick-meta":"","header-below-stick-meta":"","astra-migrate-meta-layouts":"set","ast-page-background-enabled":"default","ast-page-background-meta":{"desktop":{"background-color":"var(--ast-global-color-4)","background-image":"","background-repeat":"repeat","background-position":"center center","background-size":"auto","background-attachment":"scroll","background-type":"","background-media":"","overlay-type":"","overlay-color":"","overlay-opacity":"","overlay-gradient":""},"tablet":{"background-color":"","background-image":"","background-repeat":"repeat","background-position":"center center","background-size":"auto","background-attachment":"scroll","background-type":"","background-media":"","overlay-type":"","overlay-color":"","overlay-opacity":"","overlay-gradient":""},"mobile":{"background-color":"","background-image":"","background-repeat":"repeat","background-position":"center center","background-size":"auto","background-attachment":"scroll","background-type":"","background-media":"","overlay-type":"","overlay-color":"","overlay-opacity":"","overlay-gradient":""}},"ast-content-background-meta":{"desktop":{"background-color":"var(--ast-global-color-5)","background-image":"","background-repeat":"repeat","background-position":"center center","background-size":"auto","background-attachment":"scroll","background-type":"","background-media":"","overlay-type":"","overlay-color":"","overlay-opacity":"","overlay-gradient":""},"tablet":{"background-color":"var(--ast-global-color-5)","background-image":"","background-repeat":"repeat","background-position":"center center","background-size":"auto","background-attachment":"scroll","background-type":"","background-media":"","overlay-type":"","overlay-color":"","overlay-opacity":"","overlay-gradient":""},"mobile":{"background-color":"var(--ast-global-color-5)","background-image":"","background-repeat":"repeat","background-position":"center center","background-size":"auto","background-attachment":"scroll","background-type":"","background-media":"","overlay-type":"","overlay-color":"","overlay-opacity":"","overlay-gradient":""}},"footnotes":""},"class_list":["post-31","page","type-page","status-publish","hentry"],"yoast_head":"<!-- This site is optimized with the Yoast SEO plugin v24.4 - https:\/\/yoast.com\/wordpress\/plugins\/seo\/ -->\n<title>Servicios de Solvit | Instalaciones y mantenimiento el\u00e9ctrico<\/title>\n<meta name=\"description\" content=\"Descubre los servicios de Solvit en instalaciones y mantenimiento de infraestructuras el\u00e9ctricas de alta tensi\u00f3n, con soluciones seguras.\" \/>\n<meta name=\"robots\" content=\"index, follow, max-snippet:-1, max-image-preview:large, max-video-preview:-1\" \/>\n<link rel=\"canonical\" href=\"https:\/\/solvitsl.com\/tienda\/servicios\/\" \/>\n<meta property=\"og:locale\" content=\"es_ES\" \/>\n<meta property=\"og:type\" content=\"article\" \/>\n<meta property=\"og:title\" content=\"Servicios de Solvit | Instalaciones y mantenimiento el\u00e9ctrico\" \/>\n<meta property=\"og:description\" content=\"Descubre los servicios de Solvit en instalaciones y mantenimiento de infraestructuras el\u00e9ctricas de alta tensi\u00f3n, con soluciones seguras.\" \/>\n<meta property=\"og:url\" content=\"https:\/\/solvitsl.com\/tienda\/servicios\/\" \/>\n<meta property=\"og:site_name\" content=\"Solvit\" \/>\n<meta property=\"article:modified_time\" content=\"2025-02-07T09:47:37+00:00\" \/>\n<meta property=\"og:image\" content=\"https:\/\/solvitsl.com\/tienda\/wp-content\/uploads\/2025\/02\/low-angle-photograph-of-black-metal-tower-satellite-during-daytime-159279.jpeg\" \/>\n<meta name=\"twitter:card\" content=\"summary_large_image\" \/>\n<meta name=\"twitter:label1\" content=\"Tiempo de lectura\" \/>\n\t<meta name=\"twitter:data1\" content=\"4 minutos\" \/>\n<script type=\"application\/ld+json\" class=\"yoast-schema-graph\">{\"@context\":\"https:\/\/schema.org\",\"@graph\":[{\"@type\":\"WebPage\",\"@id\":\"https:\/\/solvitsl.com\/tienda\/servicios\/\",\"url\":\"https:\/\/solvitsl.com\/tienda\/servicios\/\",\"name\":\"Servicios de Solvit | Instalaciones y mantenimiento el\u00e9ctrico\",\"isPartOf\":{\"@id\":\"https:\/\/solvitsl.com\/tienda\/#website\"},\"primaryImageOfPage\":{\"@id\":\"https:\/\/solvitsl.com\/tienda\/servicios\/#primaryimage\"},\"image\":{\"@id\":\"https:\/\/solvitsl.com\/tienda\/servicios\/#primaryimage\"},\"thumbnailUrl\":\"https:\/\/solvitsl.com\/tienda\/wp-content\/uploads\/2025\/02\/low-angle-photograph-of-black-metal-tower-satellite-during-daytime-159279.jpeg\",\"datePublished\":\"2025-02-05T11:01:17+00:00\",\"dateModified\":\"2025-02-07T09:47:37+00:00\",\"description\":\"Descubre los servicios de Solvit en instalaciones y mantenimiento de infraestructuras el\u00e9ctricas de alta tensi\u00f3n, con soluciones seguras.\",\"breadcrumb\":{\"@id\":\"https:\/\/solvitsl.com\/tienda\/servicios\/#breadcrumb\"},\"inLanguage\":\"es\",\"potentialAction\":[{\"@type\":\"ReadAction\",\"target\":[\"https:\/\/solvitsl.com\/tienda\/servicios\/\"]}]},{\"@type\":\"ImageObject\",\"inLanguage\":\"es\",\"@id\":\"https:\/\/solvitsl.com\/tienda\/servicios\/#primaryimage\",\"url\":\"https:\/\/solvitsl.com\/tienda\/wp-content\/uploads\/2025\/02\/low-angle-photograph-of-black-metal-tower-satellite-during-daytime-159279.jpeg\",\"contentUrl\":\"https:\/\/solvitsl.com\/tienda\/wp-content\/uploads\/2025\/02\/low-angle-photograph-of-black-metal-tower-satellite-during-daytime-159279.jpeg\",\"width\":1280,\"height\":853,\"caption\":\"Looking up at a steel power pylon against a bright blue sky.\"},{\"@type\":\"BreadcrumbList\",\"@id\":\"https:\/\/solvitsl.com\/tienda\/servicios\/#breadcrumb\",\"itemListElement\":[{\"@type\":\"ListItem\",\"position\":1,\"name\":\"Portada\",\"item\":\"https:\/\/solvitsl.com\/tienda\/\"},{\"@type\":\"ListItem\",\"position\":2,\"name\":\"Servicios\"}]},{\"@type\":\"WebSite\",\"@id\":\"https:\/\/solvitsl.com\/tienda\/#website\",\"url\":\"https:\/\/solvitsl.com\/tienda\/\",\"name\":\"Solvit\",\"description\":\"\",\"publisher\":{\"@id\":\"https:\/\/solvitsl.com\/tienda\/#organization\"},\"potentialAction\":[{\"@type\":\"SearchAction\",\"target\":{\"@type\":\"EntryPoint\",\"urlTemplate\":\"https:\/\/solvitsl.com\/tienda\/?s={search_term_string}\"},\"query-input\":{\"@type\":\"PropertyValueSpecification\",\"valueRequired\":true,\"valueName\":\"search_term_string\"}}],\"inLanguage\":\"es\"},{\"@type\":\"Organization\",\"@id\":\"https:\/\/solvitsl.com\/tienda\/#organization\",\"name\":\"Solvit\",\"url\":\"https:\/\/solvitsl.com\/tienda\/\",\"logo\":{\"@type\":\"ImageObject\",\"inLanguage\":\"es\",\"@id\":\"https:\/\/solvitsl.com\/tienda\/#\/schema\/logo\/image\/\",\"url\":\"https:\/\/solvitsl.com\/tienda\/wp-content\/uploads\/2025\/02\/zipwp-image-4003.png\",\"contentUrl\":\"https:\/\/solvitsl.com\/tienda\/wp-content\/uploads\/2025\/02\/zipwp-image-4003.png\",\"width\":440,\"height\":139,\"caption\":\"Solvit\"},\"image\":{\"@id\":\"https:\/\/solvitsl.com\/tienda\/#\/schema\/logo\/image\/\"}}]}<\/script>\n<!-- \/ Yoast SEO plugin. -->","yoast_head_json":{"title":"Servicios de Solvit | Instalaciones y mantenimiento el\u00e9ctrico","description":"Descubre los servicios de Solvit en instalaciones y mantenimiento de infraestructuras el\u00e9ctricas de alta tensi\u00f3n, con soluciones seguras.","robots":{"index":"index","follow":"follow","max-snippet":"max-snippet:-1","max-image-preview":"max-image-preview:large","max-video-preview":"max-video-preview:-1"},"canonical":"https:\/\/solvitsl.com\/tienda\/servicios\/","og_locale":"es_ES","og_type":"article","og_title":"Servicios de Solvit | Instalaciones y mantenimiento el\u00e9ctrico","og_description":"Descubre los servicios de Solvit en instalaciones y mantenimiento de infraestructuras el\u00e9ctricas de alta tensi\u00f3n, con soluciones seguras.","og_url":"https:\/\/solvitsl.com\/tienda\/servicios\/","og_site_name":"Solvit","article_modified_time":"2025-02-07T09:47:37+00:00","og_image":[{"url":"https:\/\/solvitsl.com\/tienda\/wp-content\/uploads\/2025\/02\/low-angle-photograph-of-black-metal-tower-satellite-during-daytime-159279.jpeg","type":"","width":"","height":""}],"twitter_card":"summary_large_image","twitter_misc":{"Tiempo de lectura":"4 minutos"},"schema":{"@context":"https:\/\/schema.org","@graph":[{"@type":"WebPage","@id":"https:\/\/solvitsl.com\/tienda\/servicios\/","url":"https:\/\/solvitsl.com\/tienda\/servicios\/","name":"Servicios de Solvit | Instalaciones y mantenimiento el\u00e9ctrico","isPartOf":{"@id":"https:\/\/solvitsl.com\/tienda\/#website"},"primaryImageOfPage":{"@id":"https:\/\/solvitsl.com\/tienda\/servicios\/#primaryimage"},"image":{"@id":"https:\/\/solvitsl.com\/tienda\/servicios\/#primaryimage"},"thumbnailUrl":"https:\/\/solvitsl.com\/tienda\/wp-content\/uploads\/2025\/02\/low-angle-photograph-of-black-metal-tower-satellite-during-daytime-159279.jpeg","datePublished":"2025-02-05T11:01:17+00:00","dateModified":"2025-02-07T09:47:37+00:00","description":"Descubre los servicios de Solvit en instalaciones y mantenimiento de infraestructuras el\u00e9ctricas de alta tensi\u00f3n, con soluciones seguras.","breadcrumb":{"@id":"https:\/\/solvitsl.com\/tienda\/servicios\/#breadcrumb"},"inLanguage":"es","potentialAction":[{"@type":"ReadAction","target":["https:\/\/solvitsl.com\/tienda\/servicios\/"]}]},{"@type":"ImageObject","inLanguage":"es","@id":"https:\/\/solvitsl.com\/tienda\/servicios\/#primaryimage","url":"https:\/\/solvitsl.com\/tienda\/wp-content\/uploads\/2025\/02\/low-angle-photograph-of-black-metal-tower-satellite-during-daytime-159279.jpeg","contentUrl":"https:\/\/solvitsl.com\/tienda\/wp-content\/uploads\/2025\/02\/low-angle-photograph-of-black-metal-tower-satellite-during-daytime-159279.jpeg","width":1280,"height":853,"caption":"Looking up at a steel power pylon against a bright blue sky."},{"@type":"BreadcrumbList","@id":"https:\/\/solvitsl.com\/tienda\/servicios\/#breadcrumb","itemListElement":[{"@type":"ListItem","position":1,"name":"Portada","item":"https:\/\/solvitsl.com\/tienda\/"},{"@type":"ListItem","position":2,"name":"Servicios"}]},{"@type":"WebSite","@id":"https:\/\/solvitsl.com\/tienda\/#website","url":"https:\/\/solvitsl.com\/tienda\/","name":"Solvit","description":"","publisher":{"@id":"https:\/\/solvitsl.com\/tienda\/#organization"},"potentialAction":[{"@type":"SearchAction","target":{"@type":"EntryPoint","urlTemplate":"https:\/\/solvitsl.com\/tienda\/?s={search_term_string}"},"query-input":{"@type":"PropertyValueSpecification","valueRequired":true,"valueName":"search_term_string"}}],"inLanguage":"es"},{"@type":"Organization","@id":"https:\/\/solvitsl.com\/tienda\/#organization","name":"Solvit","url":"https:\/\/solvitsl.com\/tienda\/","logo":{"@type":"ImageObject","inLanguage":"es","@id":"https:\/\/solvitsl.com\/tienda\/#\/schema\/logo\/image\/","url":"https:\/\/solvitsl.com\/tienda\/wp-content\/uploads\/2025\/02\/zipwp-image-4003.png","contentUrl":"https:\/\/solvitsl.com\/tienda\/wp-content\/uploads\/2025\/02\/zipwp-image-4003.png","width":440,"height":139,"caption":"Solvit"},"image":{"@id":"https:\/\/solvitsl.com\/tienda\/#\/schema\/logo\/image\/"}}]}},"uagb_featured_image_src":{"full":false,"thumbnail":false,"medium":false,"medium_large":false,"large":false,"1536x1536":false,"2048x2048":false,"trp-custom-language-flag":false,"woocommerce_thumbnail":false,"woocommerce_single":false,"woocommerce_gallery_thumbnail":false},"uagb_author_info":{"display_name":"tdscd3yxypcp","author_link":"https:\/\/solvitsl.com\/tienda\/author\/tdscd3yxypcp\/"},"uagb_comment_info":0,"uagb_excerpt":"Servicios El\u00e9ctricos Nuestros Servicios Instalaciones Ofrecemos servicios de instalaci\u00f3n de infraestructuras el\u00e9ctricas de alta tensi\u00f3n que garantizan un funcionamiento seguro [&hellip;]","_links":{"self":[{"href":"https:\/\/solvitsl.com\/tienda\/wp-json\/wp\/v2\/pages\/31","targetHints":{"allow":["GET"]}}],"collection":[{"href":"https:\/\/solvitsl.com\/tienda\/wp-json\/wp\/v2\/pages"}],"about":[{"href":"https:\/\/solvitsl.com\/tienda\/wp-json\/wp\/v2\/types\/page"}],"author":[{"embeddable":true,"href":"https:\/\/solvitsl.com\/tienda\/wp-json\/wp\/v2\/users\/10"}],"replies":[{"embeddable":true,"href":"https:\/\/solvitsl.com\/tienda\/wp-json\/wp\/v2\/comments?post=31"}],"version-history":[{"count":2,"href":"https:\/\/solvitsl.com\/tienda\/wp-json\/wp\/v2\/pages\/31\/revisions"}],"predecessor-version":[{"id":1631,"href":"https:\/\/solvitsl.com\/tienda\/wp-json\/wp\/v2\/pages\/31\/revisions\/1631"}],"wp:attachment":[{"href":"https:\/\/solvitsl.com\/tienda\/wp-json\/wp\/v2\/media?parent=31"}],"curies":[{"name":"wp","href":"https:\/\/api.w.org\/{rel}","templated":true}]}}