{"id":1658,"date":"2025-02-07T11:50:31","date_gmt":"2025-02-07T11:50:31","guid":{"rendered":"https:\/\/solvitsl.com\/tienda\/?page_id=1658"},"modified":"2026-02-03T11:13:16","modified_gmt":"2026-02-03T11:13:16","slug":"aviso-legal","status":"publish","type":"page","link":"https:\/\/solvitsl.com\/tienda\/aviso-legal\/","title":{"rendered":"Aviso legal"},"content":{"rendered":"<p><strong>Aviso Legal<\/strong><\/p><p><strong>1. DATOS IDENTIFICATIVOS<\/strong><br>Nombre de dominio: solvitsl.com\/tienda<br>Nombre comercial: Solvit<br>Denominaci\u00f3n social: IMSSOLVIT S.L.<br>NIF: B66165606<br>Domicilio social: C\/ Noi del Sucre, 8, 08840 Viladecans, Barcelona<br>Tel\u00e9fono: +34 931 167 519<br>E-mail: <a href=\"mailto:administracion@solvitsl.com\">administracion@solvitsl.com<\/a><\/p><p>Como consecuencia de la navegaci\u00f3n en la web y de la cumplimentaci\u00f3n de los formularios de la web, el usuario acepta que los datos personales por \u00e9l facilitados o que se faciliten en el futuro a trav\u00e9s de dicho servicio, sean objeto de tratamiento en ficheros de datos de car\u00e1cter personal del establecimiento, incluyendo la recopilaci\u00f3n de datos de acceso y la utilizaci\u00f3n de cookies y funciones proporcionadas por terceros.<\/p><p><strong>Finalidad del tratamiento, base legal y destinatarios de la informaci\u00f3n<\/strong><\/p><p>Los datos se utilizan para:<\/p><ul class=\"wp-block-list\"><li>Permitir el funcionamiento de la web.<\/li>\n\n<li>Registrar y atender las solicitudes realizadas por los usuarios a trav\u00e9s de los formularios de la web.<\/li>\n\n<li>La prestaci\u00f3n y administraci\u00f3n de los productos y\/o servicios del negocio.<\/li>\n\n<li>Elaborar anal\u00edticas web y estad\u00edsticas.<\/li>\n\n<li>Incluir funciones proporcionadas por terceros (Google Maps, etc).<\/li><\/ul><p><strong>Navegaci\u00f3n en la web y acceso a \u00e1reas para usuarios registrados<\/strong><\/p><ul class=\"wp-block-list\"><li>Finalidad: se tratan los datos necesarios para la provisi\u00f3n de los servicios en l\u00ednea, incluyendo el registro de direcciones IP, p\u00e1ginas visitadas y fecha de acceso, as\u00ed como informaci\u00f3n sobre el terminal del usuario. Los datos tambi\u00e9n se tratan para fines de seguridad y de mejora de la web.<\/li>\n\n<li>Legitimaci\u00f3n: el tratamiento de los datos es necesario para la provisi\u00f3n de los servicios en l\u00ednea; consentimiento, expresado a trav\u00e9s de la utilizaci\u00f3n de la web.<\/li>\n\n<li>Destinatarios y transferencias: establecimiento, empresas de alojamiento web.<\/li><\/ul><p><strong>Utilizaci\u00f3n de los formularios de la web<\/strong><\/p><ul class=\"wp-block-list\"><li>Finalidad: atender las solicitudes realizadas a trav\u00e9s de los formularios web.<\/li>\n\n<li>Legitimaci\u00f3n: consentimiento expresado al utilizar y enviar el formulario.<\/li>\n\n<li>Destinatarios y transferencias: establecimiento y empresas involucradas en prestar los servicios solicitados.<\/li><\/ul><p><strong>Prestaci\u00f3n de servicios<\/strong><\/p><ul class=\"wp-block-list\"><li>Finalidad: prestar los servicios incluyendo gesti\u00f3n de pagos, si los hubiere. Enviar informaci\u00f3n sobre los servicios del establecimiento por medios electr\u00f3nicos. Encuestas de calidad.<\/li>\n\n<li>Legitimaci\u00f3n: ejecuci\u00f3n del contrato o prestaci\u00f3n del servicio.<\/li>\n\n<li>Destinatarios y transferencias: establecimiento y empresas involucradas en prestar los servicios solicitados.<\/li><\/ul><p><strong>Anal\u00edticas Web<\/strong><\/p><ul class=\"wp-block-list\"><li>Finalidad: conocer la manera en que la web es buscada, accedida y utilizada por el p\u00fablico. Pueden implicar la recopilaci\u00f3n de datos de car\u00e1cter personal como por ejemplo la direcci\u00f3n IP, la localizaci\u00f3n de la conexi\u00f3n, la informaci\u00f3n sobre el software o hardware de navegaci\u00f3n, etc.<\/li>\n\n<li>Legitimaci\u00f3n: consentimiento, expresado a trav\u00e9s de la utilizaci\u00f3n de la web.<\/li>\n\n<li>Destinatarios y transferencias: establecimiento.<\/li><\/ul><p><strong>Funciones proporcionadas por terceros<\/strong><\/p><ul class=\"wp-block-list\"><li>Finalidad: incorporar funciones proporcionadas por terceros, como mapas, anal\u00edticas, botones sociales, widget de chat, etc.<\/li>\n\n<li>Legitimaci\u00f3n: consentimiento, expresado a trav\u00e9s de la utilizaci\u00f3n de la web.<\/li>\n\n<li>Destinatarios y transferencias: Las funciones de terceros establecen una conexi\u00f3n directa entre el navegador del usuario y los dominios de Internet de los terceros, permitiendo la descarga y ejecuci\u00f3n de la funci\u00f3n, inclusive desde p\u00e1ginas fuera del Espacio Econ\u00f3mico Europeo.<\/li><\/ul><p>Esta web integra funciones de Google Inc, como Google Analytics y Google Maps. Al utilizar esta web el usuario autoriza el tratamiento de sus datos por Google conforme lo establecido en su pol\u00edtica de privacidad: <a href=\"https:\/\/policies.google.com\/privacy\">https:\/\/policies.google.com\/privacy<\/a><\/p><p><strong>Veracidad de los datos<\/strong><br>El usuario debe rellenar los formularios con datos verdaderos, exactos, completos y actuales. El usuario ser\u00e1 el \u00fanico responsable de cualquier da\u00f1o o perjuicio, directo o indirecto que pudiera ocasionar a cualquier persona a causa de la cumplimentaci\u00f3n del formulario con datos incorrectos o ajenos.<\/p><p><strong>Derechos de acceso, rectificaci\u00f3n, supresi\u00f3n, oposici\u00f3n y otros<\/strong><br>El titular de los datos tiene derecho a acceder, rectificar, suprimir, oponerse y solicitar la limitaci\u00f3n del tratamiento de sus datos. Tambi\u00e9n tiene derecho a solicitar la portabilidad de sus datos y revocar su consentimiento.<\/p><p>El titular de los datos puede ejercer estos derechos mediante escrito dirigido por correo postal a <strong>IMSSOLVIT S.L., C\/ Noi del Sucre, 8, 08840 Viladecans, Barcelona<\/strong> o al correo electr\u00f3nico <strong><a href=\"mailto:administracion@solvitsl.com\">administracion@solvitsl.com<\/a><\/strong>.<\/p><p><strong>Menores de edad<\/strong><br>Se proh\u00edbe la utilizaci\u00f3n de los servicios web a personas menores de 18 a\u00f1os.<\/p><p><strong>Seguridad de los datos<\/strong><br>Esta web cuenta con tecnolog\u00edas de seguridad avanzadas para la protecci\u00f3n de datos. Todos los apartados donde se solicitan informaci\u00f3n sensible utilizan el protocolo de comunicaci\u00f3n SSL, asegurando que los datos viajen de forma cifrada.<\/p><p><strong>Qu\u00e9 significa SSL<\/strong><br>El SSL (Secure Socket Layer) es un sistema de encriptaci\u00f3n que proporciona la m\u00e1xima confidencialidad a los datos transmitidos por Internet. As\u00ed se impide la entrada il\u00edcita o intercepci\u00f3n de informaci\u00f3n mientras circula por la red. Estos datos se almacenan en un servidor seguro protegido por un firewall en continua vigilancia.<\/p>","protected":false},"excerpt":{"rendered":"<p>Aviso Legal 1. DATOS IDENTIFICATIVOSNombre de dominio: solvitsl.com\/tiendaNombre comercial: SolvitDenominaci\u00f3n social: IMSSOLVIT S.L.NIF: B66165606Domicilio social: C\/ Noi del Sucre, 8, [&hellip;]<\/p>\n","protected":false},"author":10,"featured_media":0,"parent":0,"menu_order":0,"comment_status":"closed","ping_status":"closed","template":"","meta":{"_uag_custom_page_level_css":"","site-sidebar-layout":"default","site-content-layout":"","ast-site-content-layout":"default","site-content-style":"default","site-sidebar-style":"default","ast-global-header-display":"","ast-banner-title-visibility":"","ast-main-header-display":"","ast-hfb-above-header-display":"","ast-hfb-below-header-display":"","ast-hfb-mobile-header-display":"","site-post-title":"","ast-breadcrumbs-content":"","ast-featured-img":"","footer-sml-layout":"","ast-disable-related-posts":"","theme-transparent-header-meta":"","adv-header-id-meta":"","stick-header-meta":"","header-above-stick-meta":"","header-main-stick-meta":"","header-below-stick-meta":"","astra-migrate-meta-layouts":"set","ast-page-background-enabled":"default","ast-page-background-meta":{"desktop":{"background-color":"var(--ast-global-color-4)","background-image":"","background-repeat":"repeat","background-position":"center center","background-size":"auto","background-attachment":"scroll","background-type":"","background-media":"","overlay-type":"","overlay-color":"","overlay-opacity":"","overlay-gradient":""},"tablet":{"background-color":"","background-image":"","background-repeat":"repeat","background-position":"center center","background-size":"auto","background-attachment":"scroll","background-type":"","background-media":"","overlay-type":"","overlay-color":"","overlay-opacity":"","overlay-gradient":""},"mobile":{"background-color":"","background-image":"","background-repeat":"repeat","background-position":"center center","background-size":"auto","background-attachment":"scroll","background-type":"","background-media":"","overlay-type":"","overlay-color":"","overlay-opacity":"","overlay-gradient":""}},"ast-content-background-meta":{"desktop":{"background-color":"var(--ast-global-color-5)","background-image":"","background-repeat":"repeat","background-position":"center center","background-size":"auto","background-attachment":"scroll","background-type":"","background-media":"","overlay-type":"","overlay-color":"","overlay-opacity":"","overlay-gradient":""},"tablet":{"background-color":"var(--ast-global-color-5)","background-image":"","background-repeat":"repeat","background-position":"center center","background-size":"auto","background-attachment":"scroll","background-type":"","background-media":"","overlay-type":"","overlay-color":"","overlay-opacity":"","overlay-gradient":""},"mobile":{"background-color":"var(--ast-global-color-5)","background-image":"","background-repeat":"repeat","background-position":"center center","background-size":"auto","background-attachment":"scroll","background-type":"","background-media":"","overlay-type":"","overlay-color":"","overlay-opacity":"","overlay-gradient":""}},"footnotes":""},"class_list":["post-1658","page","type-page","status-publish","hentry"],"yoast_head":"<!-- This site is optimized with the Yoast SEO plugin v24.4 - https:\/\/yoast.com\/wordpress\/plugins\/seo\/ -->\n<title>Aviso legal - Solvit<\/title>\n<meta name=\"robots\" content=\"noindex, nofollow\" \/>\n<meta property=\"og:locale\" content=\"es_ES\" \/>\n<meta property=\"og:type\" content=\"article\" \/>\n<meta property=\"og:title\" content=\"Aviso legal - Solvit\" \/>\n<meta property=\"og:description\" content=\"Aviso Legal 1. DATOS IDENTIFICATIVOSNombre de dominio: solvitsl.com\/tiendaNombre comercial: SolvitDenominaci\u00f3n social: IMSSOLVIT S.L.NIF: B66165606Domicilio social: C\/ Noi del Sucre, 8, [&hellip;]\" \/>\n<meta property=\"og:url\" content=\"https:\/\/solvitsl.com\/tienda\/aviso-legal\/\" \/>\n<meta property=\"og:site_name\" content=\"Solvit\" \/>\n<meta property=\"article:modified_time\" content=\"2026-02-03T11:13:16+00:00\" \/>\n<meta name=\"twitter:card\" content=\"summary_large_image\" \/>\n<meta name=\"twitter:label1\" content=\"Tiempo de lectura\" \/>\n\t<meta name=\"twitter:data1\" content=\"4 minutos\" \/>\n<script type=\"application\/ld+json\" class=\"yoast-schema-graph\">{\"@context\":\"https:\/\/schema.org\",\"@graph\":[{\"@type\":\"WebPage\",\"@id\":\"https:\/\/solvitsl.com\/tienda\/aviso-legal\/\",\"url\":\"https:\/\/solvitsl.com\/tienda\/aviso-legal\/\",\"name\":\"Aviso legal - Solvit\",\"isPartOf\":{\"@id\":\"https:\/\/solvitsl.com\/tienda\/#website\"},\"datePublished\":\"2025-02-07T11:50:31+00:00\",\"dateModified\":\"2026-02-03T11:13:16+00:00\",\"breadcrumb\":{\"@id\":\"https:\/\/solvitsl.com\/tienda\/aviso-legal\/#breadcrumb\"},\"inLanguage\":\"es\",\"potentialAction\":[{\"@type\":\"ReadAction\",\"target\":[\"https:\/\/solvitsl.com\/tienda\/aviso-legal\/\"]}]},{\"@type\":\"BreadcrumbList\",\"@id\":\"https:\/\/solvitsl.com\/tienda\/aviso-legal\/#breadcrumb\",\"itemListElement\":[{\"@type\":\"ListItem\",\"position\":1,\"name\":\"Portada\",\"item\":\"https:\/\/solvitsl.com\/tienda\/\"},{\"@type\":\"ListItem\",\"position\":2,\"name\":\"Aviso legal\"}]},{\"@type\":\"WebSite\",\"@id\":\"https:\/\/solvitsl.com\/tienda\/#website\",\"url\":\"https:\/\/solvitsl.com\/tienda\/\",\"name\":\"Solvit\",\"description\":\"\",\"publisher\":{\"@id\":\"https:\/\/solvitsl.com\/tienda\/#organization\"},\"potentialAction\":[{\"@type\":\"SearchAction\",\"target\":{\"@type\":\"EntryPoint\",\"urlTemplate\":\"https:\/\/solvitsl.com\/tienda\/?s={search_term_string}\"},\"query-input\":{\"@type\":\"PropertyValueSpecification\",\"valueRequired\":true,\"valueName\":\"search_term_string\"}}],\"inLanguage\":\"es\"},{\"@type\":\"Organization\",\"@id\":\"https:\/\/solvitsl.com\/tienda\/#organization\",\"name\":\"Solvit\",\"url\":\"https:\/\/solvitsl.com\/tienda\/\",\"logo\":{\"@type\":\"ImageObject\",\"inLanguage\":\"es\",\"@id\":\"https:\/\/solvitsl.com\/tienda\/#\/schema\/logo\/image\/\",\"url\":\"https:\/\/solvitsl.com\/tienda\/wp-content\/uploads\/2025\/02\/zipwp-image-4003.png\",\"contentUrl\":\"https:\/\/solvitsl.com\/tienda\/wp-content\/uploads\/2025\/02\/zipwp-image-4003.png\",\"width\":440,\"height\":139,\"caption\":\"Solvit\"},\"image\":{\"@id\":\"https:\/\/solvitsl.com\/tienda\/#\/schema\/logo\/image\/\"}}]}<\/script>\n<!-- \/ Yoast SEO plugin. -->","yoast_head_json":{"title":"Aviso legal - Solvit","robots":{"index":"noindex","follow":"nofollow"},"og_locale":"es_ES","og_type":"article","og_title":"Aviso legal - Solvit","og_description":"Aviso Legal 1. DATOS IDENTIFICATIVOSNombre de dominio: solvitsl.com\/tiendaNombre comercial: SolvitDenominaci\u00f3n social: IMSSOLVIT S.L.NIF: B66165606Domicilio social: C\/ Noi del Sucre, 8, [&hellip;]","og_url":"https:\/\/solvitsl.com\/tienda\/aviso-legal\/","og_site_name":"Solvit","article_modified_time":"2026-02-03T11:13:16+00:00","twitter_card":"summary_large_image","twitter_misc":{"Tiempo de lectura":"4 minutos"},"schema":{"@context":"https:\/\/schema.org","@graph":[{"@type":"WebPage","@id":"https:\/\/solvitsl.com\/tienda\/aviso-legal\/","url":"https:\/\/solvitsl.com\/tienda\/aviso-legal\/","name":"Aviso legal - Solvit","isPartOf":{"@id":"https:\/\/solvitsl.com\/tienda\/#website"},"datePublished":"2025-02-07T11:50:31+00:00","dateModified":"2026-02-03T11:13:16+00:00","breadcrumb":{"@id":"https:\/\/solvitsl.com\/tienda\/aviso-legal\/#breadcrumb"},"inLanguage":"es","potentialAction":[{"@type":"ReadAction","target":["https:\/\/solvitsl.com\/tienda\/aviso-legal\/"]}]},{"@type":"BreadcrumbList","@id":"https:\/\/solvitsl.com\/tienda\/aviso-legal\/#breadcrumb","itemListElement":[{"@type":"ListItem","position":1,"name":"Portada","item":"https:\/\/solvitsl.com\/tienda\/"},{"@type":"ListItem","position":2,"name":"Aviso legal"}]},{"@type":"WebSite","@id":"https:\/\/solvitsl.com\/tienda\/#website","url":"https:\/\/solvitsl.com\/tienda\/","name":"Solvit","description":"","publisher":{"@id":"https:\/\/solvitsl.com\/tienda\/#organization"},"potentialAction":[{"@type":"SearchAction","target":{"@type":"EntryPoint","urlTemplate":"https:\/\/solvitsl.com\/tienda\/?s={search_term_string}"},"query-input":{"@type":"PropertyValueSpecification","valueRequired":true,"valueName":"search_term_string"}}],"inLanguage":"es"},{"@type":"Organization","@id":"https:\/\/solvitsl.com\/tienda\/#organization","name":"Solvit","url":"https:\/\/solvitsl.com\/tienda\/","logo":{"@type":"ImageObject","inLanguage":"es","@id":"https:\/\/solvitsl.com\/tienda\/#\/schema\/logo\/image\/","url":"https:\/\/solvitsl.com\/tienda\/wp-content\/uploads\/2025\/02\/zipwp-image-4003.png","contentUrl":"https:\/\/solvitsl.com\/tienda\/wp-content\/uploads\/2025\/02\/zipwp-image-4003.png","width":440,"height":139,"caption":"Solvit"},"image":{"@id":"https:\/\/solvitsl.com\/tienda\/#\/schema\/logo\/image\/"}}]}},"uagb_featured_image_src":{"full":false,"thumbnail":false,"medium":false,"medium_large":false,"large":false,"1536x1536":false,"2048x2048":false,"trp-custom-language-flag":false,"woocommerce_thumbnail":false,"woocommerce_single":false,"woocommerce_gallery_thumbnail":false},"uagb_author_info":{"display_name":"tdscd3yxypcp","author_link":"https:\/\/solvitsl.com\/tienda\/author\/tdscd3yxypcp\/"},"uagb_comment_info":0,"uagb_excerpt":"Aviso Legal 1. DATOS IDENTIFICATIVOSNombre de dominio: solvitsl.com\/tiendaNombre comercial: SolvitDenominaci\u00f3n social: IMSSOLVIT S.L.NIF: B66165606Domicilio social: C\/ Noi del Sucre, 8, [&hellip;]","_links":{"self":[{"href":"https:\/\/solvitsl.com\/tienda\/wp-json\/wp\/v2\/pages\/1658","targetHints":{"allow":["GET"]}}],"collection":[{"href":"https:\/\/solvitsl.com\/tienda\/wp-json\/wp\/v2\/pages"}],"about":[{"href":"https:\/\/solvitsl.com\/tienda\/wp-json\/wp\/v2\/types\/page"}],"author":[{"embeddable":true,"href":"https:\/\/solvitsl.com\/tienda\/wp-json\/wp\/v2\/users\/10"}],"replies":[{"embeddable":true,"href":"https:\/\/solvitsl.com\/tienda\/wp-json\/wp\/v2\/comments?post=1658"}],"version-history":[{"count":2,"href":"https:\/\/solvitsl.com\/tienda\/wp-json\/wp\/v2\/pages\/1658\/revisions"}],"predecessor-version":[{"id":1672,"href":"https:\/\/solvitsl.com\/tienda\/wp-json\/wp\/v2\/pages\/1658\/revisions\/1672"}],"wp:attachment":[{"href":"https:\/\/solvitsl.com\/tienda\/wp-json\/wp\/v2\/media?parent=1658"}],"curies":[{"name":"wp","href":"https:\/\/api.w.org\/{rel}","templated":true}]}}