{"id":1656,"date":"2025-02-07T11:46:49","date_gmt":"2025-02-07T11:46:49","guid":{"rendered":"https:\/\/solvitsl.com\/tienda\/?page_id=1656"},"modified":"2025-02-07T11:46:49","modified_gmt":"2025-02-07T11:46:49","slug":"politica-de-privacidad","status":"publish","type":"page","link":"https:\/\/solvitsl.com\/tienda\/politica-de-privacidad\/","title":{"rendered":"Pol\u00edtica de privacidad"},"content":{"rendered":"<p><strong>Pol\u00edtica de Privacidad<\/strong><br>IMSSOLVIT S.L. manifiesta su respeto y cumplimiento de las disposiciones recogidas en el nuevo REGLAMENTO (UE) 2016\/679 DEL PARLAMENTO EUROPEO Y DEL CONSEJO de 27 de abril de 2016, de Protecci\u00f3n de Datos de Car\u00e1cter Personal y normativa concordante. Por ello, le informa de su pol\u00edtica de protecci\u00f3n de datos para que el cliente determine voluntariamente si desea facilitar sus datos personales a IMSSOLVIT S.L.<\/p><p>Esta Pol\u00edtica de Privacidad establece el uso, mantenimiento y cesi\u00f3n que hace IMSSOLVIT S.L. de los datos personales de los clientes de la p\u00e1gina web de IMSSOLVIT S.L.<\/p><p><strong>Privacidad<\/strong><br>IMSSOLVIT S.L. se compromete a desarrollar relaciones de larga duraci\u00f3n basadas en la confianza. Por ello, IMSSOLVIT S.L. har\u00e1 todo lo posible para asegurar que su derecho de privacidad se mantenga y se proteja. Esta p\u00e1gina web se dirige a mayores de 18 a\u00f1os de edad.<\/p><p><strong>Datos que recoge IMSSOLVIT S.L.<\/strong><br>IMSSOLVIT S.L. puede solicitar o recabar informaci\u00f3n personal de clientes online de varias maneras, incluyendo formularios online para solicitar productos o servicios y otras solicitudes en las que se invita a los clientes a facilitar dicha informaci\u00f3n.<\/p><p>IMSSOLVIT S.L. informa a los clientes que los datos personales que se facilitan en el formulario de inscripci\u00f3n as\u00ed como cualquier otra informaci\u00f3n que el cliente pueda facilitar en el futuro dentro del marco de su relaci\u00f3n con IMSSOLVIT S.L. podr\u00e1 ser incluida en los ficheros de esta entidad.<\/p><p>IMSSOLVIT S.L. tambi\u00e9n podr\u00e1 recabar informaci\u00f3n sobre c\u00f3mo acceden los clientes a su p\u00e1gina web mediante el uso de un identificador \u00fanico para cada cliente a trav\u00e9s del uso de cookies.<\/p><p><strong>Ficheros log<\/strong><br>Como la mayor\u00eda de p\u00e1ginas web, IMSSOLVIT S.L. utiliza ficheros log. Esta informaci\u00f3n puede incluir direcciones de IP, tipo de navegador, proveedor de acceso a internet (ISP), p\u00e1ginas de salida\/entrada, tipo de plataforma, sello de hora y fecha o n\u00famero de clics para analizar tendencias, administrar la p\u00e1gina web, seguir los movimientos del cliente de forma agregada y recabar informaci\u00f3n demogr\u00e1fica en sentido amplio para uso conjunto. En todo caso, ninguna informaci\u00f3n que se almacene en ficheros log, incluida pero no limitada a las direcciones de IP, est\u00e1 relacionada con informaci\u00f3n personal que identifiquen a una persona.<\/p><p><strong>Datos voluntarios y obligatorios<\/strong><br>Salvo en los campos en que expresamente se determine lo contrario, las respuestas a las preguntas sobre datos personales son voluntarias, sin que la falta de contestaci\u00f3n a dichas preguntas implique una merma en la calidad de los servicios que el cliente solicita. La falta de cumplimentaci\u00f3n de los campos determinados como obligatorios o el suministro de datos incorrectos imposibilitar\u00e1 que IMSSOLVIT S.L. pueda darle de alta como cliente o prestarle los servicios solicitados.<\/p><p><strong>Finalidades de uso de los datos<\/strong><br>Estos ficheros tienen las siguientes finalidades:<\/p><ul class=\"wp-block-list\"><li>Gestionar, administrar y prestarle los servicios que solicite de IMSSOLVIT S.L.<\/li>\n\n<li>Gesti\u00f3n y mantenimiento de la relaci\u00f3n contractual y precontractual, y facilitar el cumplimiento de la misma.<\/li>\n\n<li>Conocer mejor sus gustos y adecuar los servicios a sus preferencias y necesidades.<\/li>\n\n<li>Poder ofrecerle nuevos productos, servicios, ofertas especiales o actualizaciones, en aquellos supuestos en los que se haya otorgado el consentimiento.<\/li>\n\n<li>Enviarle publicidad propia o de terceros a aquellos clientes que lo consientan.<\/li>\n\n<li>Realizar estudios sobre la efectividad de la p\u00e1gina web, marketing, publicidad y ventas.<\/li><\/ul><p><strong>Destinatarios de los datos<\/strong><br>Los destinatarios de la informaci\u00f3n recogida ser\u00e1n exclusivamente los propios empleados de IMSSOLVIT S.L. o los prestadores de servicios a esta entidad (incluidas, en su caso, sus propias filiales o sociedades afiliadas).<\/p><p>En este \u00faltimo supuesto, los prestadores de servicios estar\u00e1n vinculados por un contrato de prestaci\u00f3n de servicios en el que expresamente se recoger\u00e1n obligaciones equivalentes de privacidad y protecci\u00f3n de datos a las exigidas para los propios empleados de IMSSOLVIT S.L.<\/p><p><strong>Cesiones de informaci\u00f3n<\/strong><br>IMSSOLVIT S.L. no compartir\u00e1 datos personales de clientes con ning\u00fan tercero, salvo que el cliente autorice expresamente dichas cesiones.<\/p><p><strong>Mantenimiento de los datos<\/strong><br>Una vez concluida la relaci\u00f3n contractual con el cliente, IMSSOLVIT S.L. se reserva el derecho de conservar los datos del cliente durante el tiempo necesario para cumplir con sus obligaciones legales. Durante ese tiempo los datos personales permanecer\u00e1n bloqueados y no ser\u00e1n utilizados para ninguna otra finalidad. Una vez concluidos los plazos legales para su mantenimiento los datos ser\u00e1n eliminados.<\/p><p><strong>Derechos de los clientes<\/strong><br>El cliente podr\u00e1 ejercer sus derechos de supresi\u00f3n, oposici\u00f3n, portabilidad, limitaci\u00f3n, acceso y rectificaci\u00f3n solicit\u00e1ndolo por cualquier medio que deje constancia de su env\u00edo y recepci\u00f3n y remitiendo copia de su DNI o documento equivalente. Para ejercer sus derechos, podr\u00e1 dirigirse por escrito a la siguiente direcci\u00f3n postal de IMSSOLVIT S.L. en <strong>C\/ Noi del Sucre, 8, 08840 Viladecans, Barcelona<\/strong>, o al correo electr\u00f3nico <strong><a href=\"mailto:administracion@solvitsl.com\">administracion@solvitsl.com<\/a><\/strong>.<\/p><p><strong>Preguntas<\/strong><br>Cualquier pregunta relativa a la presente Pol\u00edtica de Privacidad podr\u00e1 dirigirse a la siguiente direcci\u00f3n de email <strong><a href=\"mailto:administracion@solvitsl.com\">administracion@solvitsl.com<\/a><\/strong>.<\/p>","protected":false},"excerpt":{"rendered":"<p>Pol\u00edtica de PrivacidadIMSSOLVIT S.L. manifiesta su respeto y cumplimiento de las disposiciones recogidas en el nuevo REGLAMENTO (UE) 2016\/679 DEL [&hellip;]<\/p>\n","protected":false},"author":10,"featured_media":0,"parent":0,"menu_order":0,"comment_status":"closed","ping_status":"closed","template":"","meta":{"_uag_custom_page_level_css":"","site-sidebar-layout":"default","site-content-layout":"","ast-site-content-layout":"default","site-content-style":"default","site-sidebar-style":"default","ast-global-header-display":"","ast-banner-title-visibility":"","ast-main-header-display":"","ast-hfb-above-header-display":"","ast-hfb-below-header-display":"","ast-hfb-mobile-header-display":"","site-post-title":"","ast-breadcrumbs-content":"","ast-featured-img":"","footer-sml-layout":"","ast-disable-related-posts":"","theme-transparent-header-meta":"","adv-header-id-meta":"","stick-header-meta":"","header-above-stick-meta":"","header-main-stick-meta":"","header-below-stick-meta":"","astra-migrate-meta-layouts":"set","ast-page-background-enabled":"default","ast-page-background-meta":{"desktop":{"background-color":"var(--ast-global-color-4)","background-image":"","background-repeat":"repeat","background-position":"center center","background-size":"auto","background-attachment":"scroll","background-type":"","background-media":"","overlay-type":"","overlay-color":"","overlay-opacity":"","overlay-gradient":""},"tablet":{"background-color":"","background-image":"","background-repeat":"repeat","background-position":"center center","background-size":"auto","background-attachment":"scroll","background-type":"","background-media":"","overlay-type":"","overlay-color":"","overlay-opacity":"","overlay-gradient":""},"mobile":{"background-color":"","background-image":"","background-repeat":"repeat","background-position":"center center","background-size":"auto","background-attachment":"scroll","background-type":"","background-media":"","overlay-type":"","overlay-color":"","overlay-opacity":"","overlay-gradient":""}},"ast-content-background-meta":{"desktop":{"background-color":"var(--ast-global-color-5)","background-image":"","background-repeat":"repeat","background-position":"center center","background-size":"auto","background-attachment":"scroll","background-type":"","background-media":"","overlay-type":"","overlay-color":"","overlay-opacity":"","overlay-gradient":""},"tablet":{"background-color":"var(--ast-global-color-5)","background-image":"","background-repeat":"repeat","background-position":"center center","background-size":"auto","background-attachment":"scroll","background-type":"","background-media":"","overlay-type":"","overlay-color":"","overlay-opacity":"","overlay-gradient":""},"mobile":{"background-color":"var(--ast-global-color-5)","background-image":"","background-repeat":"repeat","background-position":"center center","background-size":"auto","background-attachment":"scroll","background-type":"","background-media":"","overlay-type":"","overlay-color":"","overlay-opacity":"","overlay-gradient":""}},"footnotes":""},"class_list":["post-1656","page","type-page","status-publish","hentry"],"yoast_head":"<!-- This site is optimized with the Yoast SEO plugin v24.4 - https:\/\/yoast.com\/wordpress\/plugins\/seo\/ -->\n<title>Pol\u00edtica de privacidad - Solvit<\/title>\n<meta name=\"robots\" content=\"noindex, nofollow\" \/>\n<meta property=\"og:locale\" content=\"es_ES\" \/>\n<meta property=\"og:type\" content=\"article\" \/>\n<meta property=\"og:title\" content=\"Pol\u00edtica de privacidad - Solvit\" \/>\n<meta property=\"og:description\" content=\"Pol\u00edtica de PrivacidadIMSSOLVIT S.L. manifiesta su respeto y cumplimiento de las disposiciones recogidas en el nuevo REGLAMENTO (UE) 2016\/679 DEL [&hellip;]\" \/>\n<meta property=\"og:url\" content=\"https:\/\/solvitsl.com\/tienda\/politica-de-privacidad\/\" \/>\n<meta property=\"og:site_name\" content=\"Solvit\" \/>\n<meta name=\"twitter:card\" content=\"summary_large_image\" \/>\n<meta name=\"twitter:label1\" content=\"Tiempo de lectura\" \/>\n\t<meta name=\"twitter:data1\" content=\"4 minutos\" \/>\n<script type=\"application\/ld+json\" class=\"yoast-schema-graph\">{\"@context\":\"https:\/\/schema.org\",\"@graph\":[{\"@type\":\"WebPage\",\"@id\":\"https:\/\/solvitsl.com\/tienda\/politica-de-privacidad\/\",\"url\":\"https:\/\/solvitsl.com\/tienda\/politica-de-privacidad\/\",\"name\":\"Pol\u00edtica de privacidad - Solvit\",\"isPartOf\":{\"@id\":\"https:\/\/solvitsl.com\/tienda\/#website\"},\"datePublished\":\"2025-02-07T11:46:49+00:00\",\"breadcrumb\":{\"@id\":\"https:\/\/solvitsl.com\/tienda\/politica-de-privacidad\/#breadcrumb\"},\"inLanguage\":\"es\",\"potentialAction\":[{\"@type\":\"ReadAction\",\"target\":[\"https:\/\/solvitsl.com\/tienda\/politica-de-privacidad\/\"]}]},{\"@type\":\"BreadcrumbList\",\"@id\":\"https:\/\/solvitsl.com\/tienda\/politica-de-privacidad\/#breadcrumb\",\"itemListElement\":[{\"@type\":\"ListItem\",\"position\":1,\"name\":\"Portada\",\"item\":\"https:\/\/solvitsl.com\/tienda\/\"},{\"@type\":\"ListItem\",\"position\":2,\"name\":\"Pol\u00edtica de privacidad\"}]},{\"@type\":\"WebSite\",\"@id\":\"https:\/\/solvitsl.com\/tienda\/#website\",\"url\":\"https:\/\/solvitsl.com\/tienda\/\",\"name\":\"Solvit\",\"description\":\"\",\"publisher\":{\"@id\":\"https:\/\/solvitsl.com\/tienda\/#organization\"},\"potentialAction\":[{\"@type\":\"SearchAction\",\"target\":{\"@type\":\"EntryPoint\",\"urlTemplate\":\"https:\/\/solvitsl.com\/tienda\/?s={search_term_string}\"},\"query-input\":{\"@type\":\"PropertyValueSpecification\",\"valueRequired\":true,\"valueName\":\"search_term_string\"}}],\"inLanguage\":\"es\"},{\"@type\":\"Organization\",\"@id\":\"https:\/\/solvitsl.com\/tienda\/#organization\",\"name\":\"Solvit\",\"url\":\"https:\/\/solvitsl.com\/tienda\/\",\"logo\":{\"@type\":\"ImageObject\",\"inLanguage\":\"es\",\"@id\":\"https:\/\/solvitsl.com\/tienda\/#\/schema\/logo\/image\/\",\"url\":\"https:\/\/solvitsl.com\/tienda\/wp-content\/uploads\/2025\/02\/zipwp-image-4003.png\",\"contentUrl\":\"https:\/\/solvitsl.com\/tienda\/wp-content\/uploads\/2025\/02\/zipwp-image-4003.png\",\"width\":440,\"height\":139,\"caption\":\"Solvit\"},\"image\":{\"@id\":\"https:\/\/solvitsl.com\/tienda\/#\/schema\/logo\/image\/\"}}]}<\/script>\n<!-- \/ Yoast SEO plugin. -->","yoast_head_json":{"title":"Pol\u00edtica de privacidad - Solvit","robots":{"index":"noindex","follow":"nofollow"},"og_locale":"es_ES","og_type":"article","og_title":"Pol\u00edtica de privacidad - Solvit","og_description":"Pol\u00edtica de PrivacidadIMSSOLVIT S.L. manifiesta su respeto y cumplimiento de las disposiciones recogidas en el nuevo REGLAMENTO (UE) 2016\/679 DEL [&hellip;]","og_url":"https:\/\/solvitsl.com\/tienda\/politica-de-privacidad\/","og_site_name":"Solvit","twitter_card":"summary_large_image","twitter_misc":{"Tiempo de lectura":"4 minutos"},"schema":{"@context":"https:\/\/schema.org","@graph":[{"@type":"WebPage","@id":"https:\/\/solvitsl.com\/tienda\/politica-de-privacidad\/","url":"https:\/\/solvitsl.com\/tienda\/politica-de-privacidad\/","name":"Pol\u00edtica de privacidad - Solvit","isPartOf":{"@id":"https:\/\/solvitsl.com\/tienda\/#website"},"datePublished":"2025-02-07T11:46:49+00:00","breadcrumb":{"@id":"https:\/\/solvitsl.com\/tienda\/politica-de-privacidad\/#breadcrumb"},"inLanguage":"es","potentialAction":[{"@type":"ReadAction","target":["https:\/\/solvitsl.com\/tienda\/politica-de-privacidad\/"]}]},{"@type":"BreadcrumbList","@id":"https:\/\/solvitsl.com\/tienda\/politica-de-privacidad\/#breadcrumb","itemListElement":[{"@type":"ListItem","position":1,"name":"Portada","item":"https:\/\/solvitsl.com\/tienda\/"},{"@type":"ListItem","position":2,"name":"Pol\u00edtica de privacidad"}]},{"@type":"WebSite","@id":"https:\/\/solvitsl.com\/tienda\/#website","url":"https:\/\/solvitsl.com\/tienda\/","name":"Solvit","description":"","publisher":{"@id":"https:\/\/solvitsl.com\/tienda\/#organization"},"potentialAction":[{"@type":"SearchAction","target":{"@type":"EntryPoint","urlTemplate":"https:\/\/solvitsl.com\/tienda\/?s={search_term_string}"},"query-input":{"@type":"PropertyValueSpecification","valueRequired":true,"valueName":"search_term_string"}}],"inLanguage":"es"},{"@type":"Organization","@id":"https:\/\/solvitsl.com\/tienda\/#organization","name":"Solvit","url":"https:\/\/solvitsl.com\/tienda\/","logo":{"@type":"ImageObject","inLanguage":"es","@id":"https:\/\/solvitsl.com\/tienda\/#\/schema\/logo\/image\/","url":"https:\/\/solvitsl.com\/tienda\/wp-content\/uploads\/2025\/02\/zipwp-image-4003.png","contentUrl":"https:\/\/solvitsl.com\/tienda\/wp-content\/uploads\/2025\/02\/zipwp-image-4003.png","width":440,"height":139,"caption":"Solvit"},"image":{"@id":"https:\/\/solvitsl.com\/tienda\/#\/schema\/logo\/image\/"}}]}},"uagb_featured_image_src":{"full":false,"thumbnail":false,"medium":false,"medium_large":false,"large":false,"1536x1536":false,"2048x2048":false,"trp-custom-language-flag":false,"woocommerce_thumbnail":false,"woocommerce_single":false,"woocommerce_gallery_thumbnail":false},"uagb_author_info":{"display_name":"tdscd3yxypcp","author_link":"https:\/\/solvitsl.com\/tienda\/author\/tdscd3yxypcp\/"},"uagb_comment_info":0,"uagb_excerpt":"Pol\u00edtica de PrivacidadIMSSOLVIT S.L. manifiesta su respeto y cumplimiento de las disposiciones recogidas en el nuevo REGLAMENTO (UE) 2016\/679 DEL [&hellip;]","_links":{"self":[{"href":"https:\/\/solvitsl.com\/tienda\/wp-json\/wp\/v2\/pages\/1656","targetHints":{"allow":["GET"]}}],"collection":[{"href":"https:\/\/solvitsl.com\/tienda\/wp-json\/wp\/v2\/pages"}],"about":[{"href":"https:\/\/solvitsl.com\/tienda\/wp-json\/wp\/v2\/types\/page"}],"author":[{"embeddable":true,"href":"https:\/\/solvitsl.com\/tienda\/wp-json\/wp\/v2\/users\/10"}],"replies":[{"embeddable":true,"href":"https:\/\/solvitsl.com\/tienda\/wp-json\/wp\/v2\/comments?post=1656"}],"version-history":[{"count":1,"href":"https:\/\/solvitsl.com\/tienda\/wp-json\/wp\/v2\/pages\/1656\/revisions"}],"predecessor-version":[{"id":1657,"href":"https:\/\/solvitsl.com\/tienda\/wp-json\/wp\/v2\/pages\/1656\/revisions\/1657"}],"wp:attachment":[{"href":"https:\/\/solvitsl.com\/tienda\/wp-json\/wp\/v2\/media?parent=1656"}],"curies":[{"name":"wp","href":"https:\/\/api.w.org\/{rel}","templated":true}]}}